{"id":104,"date":"2019-07-11T22:08:17","date_gmt":"2019-07-11T20:08:17","guid":{"rendered":"https:\/\/ihaus.org\/eulit\/?page_id=104"},"modified":"2020-10-11T18:44:41","modified_gmt":"2020-10-11T16:44:41","slug":"lidija-dimkovska","status":"publish","type":"page","link":"http:\/\/mediaservice.ihaus.org\/eulit\/elk-alumni\/lidija-dimkovska\/","title":{"rendered":"Lidija\u00a0Dimkovska"},"content":{"rendered":"<div>Lidija Dimkovska, geb. 1971 in Skopje, studierte Komparatistik an der Universit\u00e4t Skopje und promovierte an der Universit\u00e4t Bukarest. Sie lebt und arbeitet gegenw\u00e4rtig als Lyrikerin, Prosaschriftstellerin, Essayistin und literarische \u00dcbersetzerin in Ljubljana. Seit 1991 erschienen sechs<span lang=\"MK\">&nbsp;<\/span>&nbsp;Gedichtb\u00e4nde und drei Romane. Ihr Werk&nbsp;wurde in mehrere Sprachen \u00fcbersetzt und vielfach&nbsp;ausgezeichnet, u.a. 2009 mit dem Hubert-Burda-Preis f\u00fcr&nbsp;junge osteurop\u00e4ische Lyrik und dem Literaturpreis der&nbsp;Europ\u00e4ischen&nbsp;Union&nbsp;(2013).&nbsp;Mit ihrem Gedichtband <i>Anst\u00e4ndiges M\u00e4dchen<\/i> (2010) stand sie \u00fcberdies 2013 auf der Shortlist f\u00fcr den Br\u00fccke-Berlin-Preis. In der parasitenpresse erschien der Band <i>Schwarz auf wei\u00df<\/i> (2019).<\/div>\n\n\n<figure class=\"wp-block-audio\"><audio controls src=\"https:\/\/eulit.org\/wp-content\/uploads\/sites\/8\/2020\/07\/Europaische-Literatur-Festival-Lesung-15.mp3\"><\/audio><figcaption>Lidija Dimkovska_Europ\u00e4isches Literaturfestival K\u00f6ln-Kalk #1<\/figcaption><\/figure>\n\n\n\n<figure class=\"wp-block-audio\"><audio controls src=\"https:\/\/eulit.org\/wp-content\/uploads\/sites\/8\/2020\/07\/Europaische-Literatur-Festival-Lesung-16.mp3\"><\/audio><figcaption>Elizaveta Khan_Europ\u00e4isches Literaturfestival K\u00f6ln-Kalk #1_\u00dcbersetzung<\/figcaption><\/figure>\n","protected":false},"excerpt":{"rendered":"<p>Lidija Dimkovska, geb. 1971 in Skopje, studierte Komparatistik an der Universit\u00e4t Skopje und promovierte an der Universit\u00e4t Bukarest. Sie lebt und arbeitet gegenw\u00e4rtig als Lyrikerin, Prosaschriftstellerin, Essayistin und literarische \u00dcbersetzerin in Ljubljana. Seit 1991 erschienen sechs&nbsp;&nbsp;Gedichtb\u00e4nde und drei Romane. Ihr Werk&nbsp;wurde in mehrere Sprachen \u00fcbersetzt und vielfach&nbsp;ausgezeichnet, u.a. 2009 mit dem Hubert-Burda-Preis f\u00fcr&nbsp;junge osteurop\u00e4ische Lyrik [&hellip;]<\/p>\n","protected":false},"author":1,"featured_media":43,"parent":187,"menu_order":10,"comment_status":"closed","ping_status":"closed","template":"","meta":{"_coblocks_attr":"","_coblocks_dimensions":"","_coblocks_responsive_height":"","_coblocks_accordion_ie_support":"","hide_page_title":"","footnotes":""},"class_list":["post-104","page","type-page","status-publish","has-post-thumbnail","hentry"],"_links":{"self":[{"href":"http:\/\/mediaservice.ihaus.org\/eulit\/wp-json\/wp\/v2\/pages\/104","targetHints":{"allow":["GET"]}}],"collection":[{"href":"http:\/\/mediaservice.ihaus.org\/eulit\/wp-json\/wp\/v2\/pages"}],"about":[{"href":"http:\/\/mediaservice.ihaus.org\/eulit\/wp-json\/wp\/v2\/types\/page"}],"author":[{"embeddable":true,"href":"http:\/\/mediaservice.ihaus.org\/eulit\/wp-json\/wp\/v2\/users\/1"}],"replies":[{"embeddable":true,"href":"http:\/\/mediaservice.ihaus.org\/eulit\/wp-json\/wp\/v2\/comments?post=104"}],"version-history":[{"count":1,"href":"http:\/\/mediaservice.ihaus.org\/eulit\/wp-json\/wp\/v2\/pages\/104\/revisions"}],"predecessor-version":[{"id":218,"href":"http:\/\/mediaservice.ihaus.org\/eulit\/wp-json\/wp\/v2\/pages\/104\/revisions\/218"}],"up":[{"embeddable":true,"href":"http:\/\/mediaservice.ihaus.org\/eulit\/wp-json\/wp\/v2\/pages\/187"}],"wp:featuredmedia":[{"embeddable":true,"href":"http:\/\/mediaservice.ihaus.org\/eulit\/wp-json\/"}],"wp:attachment":[{"href":"http:\/\/mediaservice.ihaus.org\/eulit\/wp-json\/wp\/v2\/media?parent=104"}],"curies":[{"name":"wp","href":"https:\/\/api.w.org\/{rel}","templated":true}]}}