{"id":92,"date":"2019-07-11T22:05:18","date_gmt":"2019-07-11T20:05:18","guid":{"rendered":"https:\/\/ihaus.org\/eulit\/?page_id=92"},"modified":"2020-10-11T18:45:32","modified_gmt":"2020-10-11T16:45:32","slug":"alexander-estis","status":"publish","type":"page","link":"http:\/\/mediaservice.ihaus.org\/eulit\/elk-alumni\/alexander-estis\/","title":{"rendered":"Alexander Estis"},"content":{"rendered":"<p>Alexander Estis wurde 1986 in einer K\u00fcnstlerfamilie in Moskau geboren; hier erhielt er eine Ausbildung an Kunstschulen und bei verschiedenen Moskauer K\u00fcnstlern. 1996 siedelte er mit seinen Eltern nach Hamburg \u00fcber. Nach Abschlu\u00df des Studiums in deutscher und lateinischer Philologie arbeitete er zun\u00e4chst als Gymnasiallehrer f\u00fcr die F\u00e4cher Deutsch, Latein und Kunst. Es folgte eine Lehrt\u00e4tigkeit f\u00fcr deutsche Literatur und Sprachgeschichte an den Universit\u00e4ten Hamburg, Genf, Freiburg i. Br. und Z\u00fcrich sowie eine Dozentur f\u00fcr Kommunikation an der Z\u00fcrcher Hochschule f\u00fcr Angewandte Wissenschaften. Seit 2016 lebt er als Dozent und freier Autor in Aarau.<\/p>\n<p>Alexander Estis ist Autor von philologischen Aufs\u00e4tzen, Essays und \u00dcbersetzungen; den Schwerpunkt seiner Arbeit bilden literarische Kleinstformen: K\u00fcrzestprosa, Aphoristik, Glossen, szenische Miniaturen, Epigramme und lyrische Fragmente. Besonderes Kennzeichen seiner Arbeit ist die Verschmelzung von prosaischer und metrischer Form, von Satire und Tragik, von Essayistischem und Belletristischem sowie nicht zuletzt von Wort und Bild. Seine Texte werden in Anthologien und Zeitschriften publiziert (u.a. <em>Sinn und Form<\/em>, <em>Lichtungen<\/em>, <em>Entw\u00fcrfe<\/em>); eigenst\u00e4ndige Sammlungen erschienen Anfang 2019 im Amsel-Verlag (Z\u00fcrich) sowie im Hochroth-Verlag (Bielefeld u.a.).<\/p>\n<p>Alexander Estis ist Mitglied der Vereinigung <em>Autorinnen und Autoren der Schweiz<\/em>. Lesungen seiner Texte finden in Deutschland, der Schweiz und \u00d6sterreich statt; er h\u00e4lt Vortr\u00e4ge \u00fcber Literatur und gibt Kurse f\u00fcr Schriftkunst und literarisches Schreiben.<\/p>\n<p><strong>&nbsp;<\/strong><\/p>\n\n\n<figure class=\"wp-block-audio\"><audio controls src=\"https:\/\/eulit.org\/wp-content\/uploads\/sites\/8\/2020\/07\/Europaische-Literatur-Festival-Lesung-17.mp3\"><\/audio><figcaption>Alexander Estis_Europ\u00e4isches Literaturfestivak K\u00f6ln-Kalk #1<\/figcaption><\/figure>\n","protected":false},"excerpt":{"rendered":"<p>Alexander Estis wurde 1986 in einer K\u00fcnstlerfamilie in Moskau geboren; hier erhielt er eine Ausbildung an Kunstschulen und bei verschiedenen Moskauer K\u00fcnstlern. 1996 siedelte er mit seinen Eltern nach Hamburg \u00fcber. Nach Abschlu\u00df des Studiums in deutscher und lateinischer Philologie arbeitete er zun\u00e4chst als Gymnasiallehrer f\u00fcr die F\u00e4cher Deutsch, Latein und Kunst. Es folgte eine [&hellip;]<\/p>\n","protected":false},"author":1,"featured_media":49,"parent":187,"menu_order":30,"comment_status":"closed","ping_status":"closed","template":"","meta":{"_coblocks_attr":"","_coblocks_dimensions":"","_coblocks_responsive_height":"","_coblocks_accordion_ie_support":"","hide_page_title":"","footnotes":""},"class_list":["post-92","page","type-page","status-publish","has-post-thumbnail","hentry"],"_links":{"self":[{"href":"http:\/\/mediaservice.ihaus.org\/eulit\/wp-json\/wp\/v2\/pages\/92","targetHints":{"allow":["GET"]}}],"collection":[{"href":"http:\/\/mediaservice.ihaus.org\/eulit\/wp-json\/wp\/v2\/pages"}],"about":[{"href":"http:\/\/mediaservice.ihaus.org\/eulit\/wp-json\/wp\/v2\/types\/page"}],"author":[{"embeddable":true,"href":"http:\/\/mediaservice.ihaus.org\/eulit\/wp-json\/wp\/v2\/users\/1"}],"replies":[{"embeddable":true,"href":"http:\/\/mediaservice.ihaus.org\/eulit\/wp-json\/wp\/v2\/comments?post=92"}],"version-history":[{"count":1,"href":"http:\/\/mediaservice.ihaus.org\/eulit\/wp-json\/wp\/v2\/pages\/92\/revisions"}],"predecessor-version":[{"id":220,"href":"http:\/\/mediaservice.ihaus.org\/eulit\/wp-json\/wp\/v2\/pages\/92\/revisions\/220"}],"up":[{"embeddable":true,"href":"http:\/\/mediaservice.ihaus.org\/eulit\/wp-json\/wp\/v2\/pages\/187"}],"wp:featuredmedia":[{"embeddable":true,"href":"http:\/\/mediaservice.ihaus.org\/eulit\/wp-json\/"}],"wp:attachment":[{"href":"http:\/\/mediaservice.ihaus.org\/eulit\/wp-json\/wp\/v2\/media?parent=92"}],"curies":[{"name":"wp","href":"https:\/\/api.w.org\/{rel}","templated":true}]}}